{"id":8,"date":"2018-07-30T17:54:20","date_gmt":"2018-07-30T17:54:20","guid":{"rendered":"http:\/\/www.damen.nu\/?page_id=8"},"modified":"2018-07-30T17:55:24","modified_gmt":"2018-07-30T17:55:24","slug":"om-sidan","status":"publish","type":"page","link":"https:\/\/www.damen.nu\/?page_id=8","title":{"rendered":"Om sidan"},"content":{"rendered":"<p>Jag heter Niklas och \u00e4r en 44 \u00e5rig G\u00f6teborgare som arbetar som sj\u00f6kapten i G\u00f6teborgs sk\u00e4rg\u00e5rd. Jag \u00e4lskar havet och dedikerat hela mitt liv \u00e5t att havslivet p\u00e5 gott och ont. Jag \u00e4r en av g\u00f6teborgarna som motsatte sig att flytdocken skulle flyttas fr\u00e5n v\u00e5r vackra hamn d\u00e5 det varit en symbol f\u00f6r staden under m\u00e5nga \u00e5r. P\u00e5 denna webbplats kommer jag att blanda artiklar om flytdockan Damen tillsammans med andra relevanta texter som kommer att handla om b\u00e5tar, fartyg och hamnar. Om ni vill komma i kontakt med mig s\u00e5 kan ni skicka mejl till Niklas@damen.nu s\u00e5 svarar jag s\u00e5 fort jag kan.<\/p>\n<p>Tack f\u00f6r att ni bes\u00f6ker min webbplats!<\/p>\n<p>\/Kram Niklas!<\/p>\n","protected":false},"excerpt":{"rendered":"<p>Jag heter Niklas och \u00e4r en 44 \u00e5rig G\u00f6teborgare som arbetar som sj\u00f6kapten i G\u00f6teborgs sk\u00e4rg\u00e5rd. Jag \u00e4lskar havet och dedikerat hela mitt liv \u00e5t att havslivet p\u00e5 gott och ont. Jag \u00e4r en av g\u00f6teborgarna som motsatte sig att flytdocken skulle flyttas fr\u00e5n v\u00e5r vackra hamn d\u00e5 det varit en symbol f\u00f6r staden under &hellip; <\/p>\n","protected":false},"author":1,"featured_media":0,"parent":0,"menu_order":0,"comment_status":"closed","ping_status":"closed","template":"","meta":[],"_links":{"self":[{"href":"https:\/\/www.damen.nu\/index.php?rest_route=\/wp\/v2\/pages\/8"}],"collection":[{"href":"https:\/\/www.damen.nu\/index.php?rest_route=\/wp\/v2\/pages"}],"about":[{"href":"https:\/\/www.damen.nu\/index.php?rest_route=\/wp\/v2\/types\/page"}],"author":[{"embeddable":true,"href":"https:\/\/www.damen.nu\/index.php?rest_route=\/wp\/v2\/users\/1"}],"replies":[{"embeddable":true,"href":"https:\/\/www.damen.nu\/index.php?rest_route=%2Fwp%2Fv2%2Fcomments&post=8"}],"version-history":[{"count":2,"href":"https:\/\/www.damen.nu\/index.php?rest_route=\/wp\/v2\/pages\/8\/revisions"}],"predecessor-version":[{"id":11,"href":"https:\/\/www.damen.nu\/index.php?rest_route=\/wp\/v2\/pages\/8\/revisions\/11"}],"wp:attachment":[{"href":"https:\/\/www.damen.nu\/index.php?rest_route=%2Fwp%2Fv2%2Fmedia&parent=8"}],"curies":[{"name":"wp","href":"https:\/\/api.w.org\/{rel}","templated":true}]}}